{"id":1241,"date":"2023-02-10T10:07:26","date_gmt":"2023-02-10T09:07:26","guid":{"rendered":"https:\/\/www.ladael.com\/lea-costet\/?post_type=product&#038;p=1241"},"modified":"2024-03-24T17:24:29","modified_gmt":"2024-03-24T16:24:29","slug":"creoles-asymetriques-2","status":"publish","type":"product","link":"https:\/\/www.ladael.com\/lea-costet\/produit\/creoles-asymetriques-2\/","title":{"rendered":"Cr\u00e9oles asym\u00e9triques"},"content":{"rendered":"<p>Paire de cr\u00e9oles asym\u00e9triques en argent. 2 cm de diam\u00e8tre.<\/p>\n","protected":false},"excerpt":{"rendered":"<p>&nbsp;<\/p>\n<p>Paire de cr\u00e9oles asym\u00e9triques en argent. 2 cm de diam\u00e8tre.<\/p>\n","protected":false},"featured_media":1659,"comment_status":"open","ping_status":"closed","template":"","meta":{"kt_blocks_editor_width":"","_coblocks_attr":"","_coblocks_dimensions":"","_coblocks_responsive_height":"","_coblocks_accordion_ie_support":"","spay_email":""},"product_cat":[184],"product_tag":[],"acf":[],"yoast_head":"<!-- This site is optimized with the Yoast SEO plugin v17.5 - https:\/\/yoast.com\/wordpress\/plugins\/seo\/ -->\n<title>Cr\u00e9oles asym\u00e9triques - L\u00e9a Costet<\/title>\n<meta name=\"robots\" content=\"index, follow, max-snippet:-1, max-image-preview:large, max-video-preview:-1\" \/>\n<link rel=\"canonical\" href=\"https:\/\/www.ladael.com\/lea-costet\/produit\/creoles-asymetriques-2\/\" \/>\n<meta property=\"og:locale\" content=\"fr_FR\" \/>\n<meta property=\"og:type\" content=\"article\" \/>\n<meta property=\"og:title\" content=\"Cr\u00e9oles asym\u00e9triques - L\u00e9a Costet\" \/>\n<meta property=\"og:description\" content=\"&nbsp;  Paire de cr\u00e9oles asym\u00e9triques en argent. 2 cm de diam\u00e8tre.\" \/>\n<meta property=\"og:url\" content=\"https:\/\/www.ladael.com\/lea-costet\/produit\/creoles-asymetriques-2\/\" \/>\n<meta property=\"og:site_name\" content=\"L\u00e9a Costet\" \/>\n<meta property=\"article:modified_time\" content=\"2024-03-24T16:24:29+00:00\" \/>\n<meta property=\"og:image\" content=\"https:\/\/www.ladael.com\/lea-costet\/wp-content\/uploads\/sites\/19\/2023\/02\/IMG_0621.jpeg\" \/>\n\t<meta property=\"og:image:width\" content=\"1499\" \/>\n\t<meta property=\"og:image:height\" content=\"1499\" \/>\n<meta name=\"twitter:card\" content=\"summary_large_image\" \/>\n<meta name=\"twitter:label1\" content=\"Dur\u00e9e de lecture est.\" \/>\n\t<meta name=\"twitter:data1\" content=\"1 minute\" \/>\n<script type=\"application\/ld+json\" class=\"yoast-schema-graph\">{\"@context\":\"https:\/\/schema.org\",\"@graph\":[{\"@type\":\"WebSite\",\"@id\":\"https:\/\/www.ladael.com\/lea-costet\/#website\",\"url\":\"https:\/\/www.ladael.com\/lea-costet\/\",\"name\":\"L\\u00e9a Costet\",\"description\":\"Artisane Bijouti\\u00e8re\",\"potentialAction\":[{\"@type\":\"SearchAction\",\"target\":{\"@type\":\"EntryPoint\",\"urlTemplate\":\"https:\/\/www.ladael.com\/lea-costet\/?s={search_term_string}\"},\"query-input\":\"required name=search_term_string\"}],\"inLanguage\":\"fr-FR\"},{\"@type\":\"ImageObject\",\"@id\":\"https:\/\/www.ladael.com\/lea-costet\/produit\/creoles-asymetriques-2\/#primaryimage\",\"inLanguage\":\"fr-FR\",\"url\":\"https:\/\/www.ladael.com\/lea-costet\/wp-content\/uploads\/sites\/19\/2023\/02\/IMG_0621.jpeg\",\"contentUrl\":\"https:\/\/www.ladael.com\/lea-costet\/wp-content\/uploads\/sites\/19\/2023\/02\/IMG_0621.jpeg\",\"width\":1499,\"height\":1499},{\"@type\":\"WebPage\",\"@id\":\"https:\/\/www.ladael.com\/lea-costet\/produit\/creoles-asymetriques-2\/#webpage\",\"url\":\"https:\/\/www.ladael.com\/lea-costet\/produit\/creoles-asymetriques-2\/\",\"name\":\"Cr\\u00e9oles asym\\u00e9triques - L\\u00e9a Costet\",\"isPartOf\":{\"@id\":\"https:\/\/www.ladael.com\/lea-costet\/#website\"},\"primaryImageOfPage\":{\"@id\":\"https:\/\/www.ladael.com\/lea-costet\/produit\/creoles-asymetriques-2\/#primaryimage\"},\"datePublished\":\"2023-02-10T09:07:26+00:00\",\"dateModified\":\"2024-03-24T16:24:29+00:00\",\"breadcrumb\":{\"@id\":\"https:\/\/www.ladael.com\/lea-costet\/produit\/creoles-asymetriques-2\/#breadcrumb\"},\"inLanguage\":\"fr-FR\",\"potentialAction\":[{\"@type\":\"ReadAction\",\"target\":[\"https:\/\/www.ladael.com\/lea-costet\/produit\/creoles-asymetriques-2\/\"]}]},{\"@type\":\"BreadcrumbList\",\"@id\":\"https:\/\/www.ladael.com\/lea-costet\/produit\/creoles-asymetriques-2\/#breadcrumb\",\"itemListElement\":[{\"@type\":\"ListItem\",\"position\":1,\"name\":\"Accueil\",\"item\":\"https:\/\/www.ladael.com\/lea-costet\/\"},{\"@type\":\"ListItem\",\"position\":2,\"name\":\"Les bijoux\",\"item\":\"https:\/\/www.ladael.com\/lea-costet\/boutique\/\"},{\"@type\":\"ListItem\",\"position\":3,\"name\":\"Cr\\u00e9oles asym\\u00e9triques\"}]}]}<\/script>\n<!-- \/ Yoast SEO plugin. -->","yoast_head_json":{"title":"Cr\u00e9oles asym\u00e9triques - L\u00e9a Costet","robots":{"index":"index","follow":"follow","max-snippet":"max-snippet:-1","max-image-preview":"max-image-preview:large","max-video-preview":"max-video-preview:-1"},"canonical":"https:\/\/www.ladael.com\/lea-costet\/produit\/creoles-asymetriques-2\/","og_locale":"fr_FR","og_type":"article","og_title":"Cr\u00e9oles asym\u00e9triques - L\u00e9a Costet","og_description":"&nbsp;  Paire de cr\u00e9oles asym\u00e9triques en argent. 2 cm de diam\u00e8tre.","og_url":"https:\/\/www.ladael.com\/lea-costet\/produit\/creoles-asymetriques-2\/","og_site_name":"L\u00e9a Costet","article_modified_time":"2024-03-24T16:24:29+00:00","og_image":[{"width":1499,"height":1499,"url":"https:\/\/www.ladael.com\/lea-costet\/wp-content\/uploads\/sites\/19\/2023\/02\/IMG_0621.jpeg","type":"image\/jpeg"}],"twitter_card":"summary_large_image","twitter_misc":{"Dur\u00e9e de lecture est.":"1 minute"},"schema":{"@context":"https:\/\/schema.org","@graph":[{"@type":"WebSite","@id":"https:\/\/www.ladael.com\/lea-costet\/#website","url":"https:\/\/www.ladael.com\/lea-costet\/","name":"L\u00e9a Costet","description":"Artisane Bijouti\u00e8re","potentialAction":[{"@type":"SearchAction","target":{"@type":"EntryPoint","urlTemplate":"https:\/\/www.ladael.com\/lea-costet\/?s={search_term_string}"},"query-input":"required name=search_term_string"}],"inLanguage":"fr-FR"},{"@type":"ImageObject","@id":"https:\/\/www.ladael.com\/lea-costet\/produit\/creoles-asymetriques-2\/#primaryimage","inLanguage":"fr-FR","url":"https:\/\/www.ladael.com\/lea-costet\/wp-content\/uploads\/sites\/19\/2023\/02\/IMG_0621.jpeg","contentUrl":"https:\/\/www.ladael.com\/lea-costet\/wp-content\/uploads\/sites\/19\/2023\/02\/IMG_0621.jpeg","width":1499,"height":1499},{"@type":"WebPage","@id":"https:\/\/www.ladael.com\/lea-costet\/produit\/creoles-asymetriques-2\/#webpage","url":"https:\/\/www.ladael.com\/lea-costet\/produit\/creoles-asymetriques-2\/","name":"Cr\u00e9oles asym\u00e9triques - L\u00e9a Costet","isPartOf":{"@id":"https:\/\/www.ladael.com\/lea-costet\/#website"},"primaryImageOfPage":{"@id":"https:\/\/www.ladael.com\/lea-costet\/produit\/creoles-asymetriques-2\/#primaryimage"},"datePublished":"2023-02-10T09:07:26+00:00","dateModified":"2024-03-24T16:24:29+00:00","breadcrumb":{"@id":"https:\/\/www.ladael.com\/lea-costet\/produit\/creoles-asymetriques-2\/#breadcrumb"},"inLanguage":"fr-FR","potentialAction":[{"@type":"ReadAction","target":["https:\/\/www.ladael.com\/lea-costet\/produit\/creoles-asymetriques-2\/"]}]},{"@type":"BreadcrumbList","@id":"https:\/\/www.ladael.com\/lea-costet\/produit\/creoles-asymetriques-2\/#breadcrumb","itemListElement":[{"@type":"ListItem","position":1,"name":"Accueil","item":"https:\/\/www.ladael.com\/lea-costet\/"},{"@type":"ListItem","position":2,"name":"Les bijoux","item":"https:\/\/www.ladael.com\/lea-costet\/boutique\/"},{"@type":"ListItem","position":3,"name":"Cr\u00e9oles asym\u00e9triques"}]}]}},"_links":{"self":[{"href":"https:\/\/www.ladael.com\/lea-costet\/wp-json\/wp\/v2\/product\/1241"}],"collection":[{"href":"https:\/\/www.ladael.com\/lea-costet\/wp-json\/wp\/v2\/product"}],"about":[{"href":"https:\/\/www.ladael.com\/lea-costet\/wp-json\/wp\/v2\/types\/product"}],"replies":[{"embeddable":true,"href":"https:\/\/www.ladael.com\/lea-costet\/wp-json\/wp\/v2\/comments?post=1241"}],"wp:featuredmedia":[{"embeddable":true,"href":"https:\/\/www.ladael.com\/lea-costet\/wp-json\/wp\/v2\/media\/1659"}],"wp:attachment":[{"href":"https:\/\/www.ladael.com\/lea-costet\/wp-json\/wp\/v2\/media?parent=1241"}],"wp:term":[{"taxonomy":"product_cat","embeddable":true,"href":"https:\/\/www.ladael.com\/lea-costet\/wp-json\/wp\/v2\/product_cat?post=1241"},{"taxonomy":"product_tag","embeddable":true,"href":"https:\/\/www.ladael.com\/lea-costet\/wp-json\/wp\/v2\/product_tag?post=1241"}],"curies":[{"name":"wp","href":"https:\/\/api.w.org\/{rel}","templated":true}]}}