{"id":1374,"date":"2023-09-13T18:06:35","date_gmt":"2023-09-13T16:06:35","guid":{"rendered":"https:\/\/www.ladael.com\/lea-costet\/?post_type=product&#038;p=1374"},"modified":"2024-04-10T15:41:44","modified_gmt":"2024-04-10T13:41:44","slug":"bague-asymetrique-lemon","status":"publish","type":"product","link":"https:\/\/www.ladael.com\/lea-costet\/produit\/bague-asymetrique-lemon\/","title":{"rendered":"Bague asym\u00e9trique lemon"},"content":{"rendered":"<p>Bague asym\u00e9trique en argent sertie d&#8217;un quartz lemon.<\/p>\n<p>Disponible \u00e0 la commande.<\/p>\n","protected":false},"excerpt":{"rendered":"<p>&nbsp;<\/p>\n<p>Bague asym\u00e9trique en argent sertie d&#8217;un quartz lemon.<\/p>\n","protected":false},"featured_media":1734,"comment_status":"open","ping_status":"closed","template":"","meta":{"kt_blocks_editor_width":"","_coblocks_attr":"","_coblocks_dimensions":"","_coblocks_responsive_height":"","_coblocks_accordion_ie_support":"","spay_email":""},"product_cat":[186],"product_tag":[],"acf":[],"yoast_head":"<!-- This site is optimized with the Yoast SEO plugin v17.5 - https:\/\/yoast.com\/wordpress\/plugins\/seo\/ -->\n<title>Bague asym\u00e9trique lemon - L\u00e9a Costet<\/title>\n<meta name=\"robots\" content=\"index, follow, max-snippet:-1, max-image-preview:large, max-video-preview:-1\" \/>\n<link rel=\"canonical\" href=\"https:\/\/www.ladael.com\/lea-costet\/produit\/bague-asymetrique-lemon\/\" \/>\n<meta property=\"og:locale\" content=\"fr_FR\" \/>\n<meta property=\"og:type\" content=\"article\" \/>\n<meta property=\"og:title\" content=\"Bague asym\u00e9trique lemon - L\u00e9a Costet\" \/>\n<meta property=\"og:description\" content=\"&nbsp;  Bague asym\u00e9trique en argent sertie d&#039;un quartz lemon.\" \/>\n<meta property=\"og:url\" content=\"https:\/\/www.ladael.com\/lea-costet\/produit\/bague-asymetrique-lemon\/\" \/>\n<meta property=\"og:site_name\" content=\"L\u00e9a Costet\" \/>\n<meta property=\"article:modified_time\" content=\"2024-04-10T13:41:44+00:00\" \/>\n<meta property=\"og:image\" content=\"https:\/\/www.ladael.com\/lea-costet\/wp-content\/uploads\/sites\/19\/2023\/09\/IMG_0848.jpeg\" \/>\n\t<meta property=\"og:image:width\" content=\"1307\" \/>\n\t<meta property=\"og:image:height\" content=\"1307\" \/>\n<meta name=\"twitter:card\" content=\"summary_large_image\" \/>\n<script type=\"application\/ld+json\" class=\"yoast-schema-graph\">{\"@context\":\"https:\/\/schema.org\",\"@graph\":[{\"@type\":\"WebSite\",\"@id\":\"https:\/\/www.ladael.com\/lea-costet\/#website\",\"url\":\"https:\/\/www.ladael.com\/lea-costet\/\",\"name\":\"L\\u00e9a Costet\",\"description\":\"Artisane Bijouti\\u00e8re\",\"potentialAction\":[{\"@type\":\"SearchAction\",\"target\":{\"@type\":\"EntryPoint\",\"urlTemplate\":\"https:\/\/www.ladael.com\/lea-costet\/?s={search_term_string}\"},\"query-input\":\"required name=search_term_string\"}],\"inLanguage\":\"fr-FR\"},{\"@type\":\"ImageObject\",\"@id\":\"https:\/\/www.ladael.com\/lea-costet\/produit\/bague-asymetrique-lemon\/#primaryimage\",\"inLanguage\":\"fr-FR\",\"url\":\"https:\/\/www.ladael.com\/lea-costet\/wp-content\/uploads\/sites\/19\/2023\/09\/IMG_0848.jpeg\",\"contentUrl\":\"https:\/\/www.ladael.com\/lea-costet\/wp-content\/uploads\/sites\/19\/2023\/09\/IMG_0848.jpeg\",\"width\":1307,\"height\":1307},{\"@type\":\"WebPage\",\"@id\":\"https:\/\/www.ladael.com\/lea-costet\/produit\/bague-asymetrique-lemon\/#webpage\",\"url\":\"https:\/\/www.ladael.com\/lea-costet\/produit\/bague-asymetrique-lemon\/\",\"name\":\"Bague asym\\u00e9trique lemon - L\\u00e9a Costet\",\"isPartOf\":{\"@id\":\"https:\/\/www.ladael.com\/lea-costet\/#website\"},\"primaryImageOfPage\":{\"@id\":\"https:\/\/www.ladael.com\/lea-costet\/produit\/bague-asymetrique-lemon\/#primaryimage\"},\"datePublished\":\"2023-09-13T16:06:35+00:00\",\"dateModified\":\"2024-04-10T13:41:44+00:00\",\"breadcrumb\":{\"@id\":\"https:\/\/www.ladael.com\/lea-costet\/produit\/bague-asymetrique-lemon\/#breadcrumb\"},\"inLanguage\":\"fr-FR\",\"potentialAction\":[{\"@type\":\"ReadAction\",\"target\":[\"https:\/\/www.ladael.com\/lea-costet\/produit\/bague-asymetrique-lemon\/\"]}]},{\"@type\":\"BreadcrumbList\",\"@id\":\"https:\/\/www.ladael.com\/lea-costet\/produit\/bague-asymetrique-lemon\/#breadcrumb\",\"itemListElement\":[{\"@type\":\"ListItem\",\"position\":1,\"name\":\"Accueil\",\"item\":\"https:\/\/www.ladael.com\/lea-costet\/\"},{\"@type\":\"ListItem\",\"position\":2,\"name\":\"Les bijoux\",\"item\":\"https:\/\/www.ladael.com\/lea-costet\/boutique\/\"},{\"@type\":\"ListItem\",\"position\":3,\"name\":\"Bague asym\\u00e9trique lemon\"}]}]}<\/script>\n<!-- \/ Yoast SEO plugin. -->","yoast_head_json":{"title":"Bague asym\u00e9trique lemon - L\u00e9a Costet","robots":{"index":"index","follow":"follow","max-snippet":"max-snippet:-1","max-image-preview":"max-image-preview:large","max-video-preview":"max-video-preview:-1"},"canonical":"https:\/\/www.ladael.com\/lea-costet\/produit\/bague-asymetrique-lemon\/","og_locale":"fr_FR","og_type":"article","og_title":"Bague asym\u00e9trique lemon - L\u00e9a Costet","og_description":"&nbsp;  Bague asym\u00e9trique en argent sertie d'un quartz lemon.","og_url":"https:\/\/www.ladael.com\/lea-costet\/produit\/bague-asymetrique-lemon\/","og_site_name":"L\u00e9a Costet","article_modified_time":"2024-04-10T13:41:44+00:00","og_image":[{"width":1307,"height":1307,"url":"https:\/\/www.ladael.com\/lea-costet\/wp-content\/uploads\/sites\/19\/2023\/09\/IMG_0848.jpeg","type":"image\/jpeg"}],"twitter_card":"summary_large_image","schema":{"@context":"https:\/\/schema.org","@graph":[{"@type":"WebSite","@id":"https:\/\/www.ladael.com\/lea-costet\/#website","url":"https:\/\/www.ladael.com\/lea-costet\/","name":"L\u00e9a Costet","description":"Artisane Bijouti\u00e8re","potentialAction":[{"@type":"SearchAction","target":{"@type":"EntryPoint","urlTemplate":"https:\/\/www.ladael.com\/lea-costet\/?s={search_term_string}"},"query-input":"required name=search_term_string"}],"inLanguage":"fr-FR"},{"@type":"ImageObject","@id":"https:\/\/www.ladael.com\/lea-costet\/produit\/bague-asymetrique-lemon\/#primaryimage","inLanguage":"fr-FR","url":"https:\/\/www.ladael.com\/lea-costet\/wp-content\/uploads\/sites\/19\/2023\/09\/IMG_0848.jpeg","contentUrl":"https:\/\/www.ladael.com\/lea-costet\/wp-content\/uploads\/sites\/19\/2023\/09\/IMG_0848.jpeg","width":1307,"height":1307},{"@type":"WebPage","@id":"https:\/\/www.ladael.com\/lea-costet\/produit\/bague-asymetrique-lemon\/#webpage","url":"https:\/\/www.ladael.com\/lea-costet\/produit\/bague-asymetrique-lemon\/","name":"Bague asym\u00e9trique lemon - L\u00e9a Costet","isPartOf":{"@id":"https:\/\/www.ladael.com\/lea-costet\/#website"},"primaryImageOfPage":{"@id":"https:\/\/www.ladael.com\/lea-costet\/produit\/bague-asymetrique-lemon\/#primaryimage"},"datePublished":"2023-09-13T16:06:35+00:00","dateModified":"2024-04-10T13:41:44+00:00","breadcrumb":{"@id":"https:\/\/www.ladael.com\/lea-costet\/produit\/bague-asymetrique-lemon\/#breadcrumb"},"inLanguage":"fr-FR","potentialAction":[{"@type":"ReadAction","target":["https:\/\/www.ladael.com\/lea-costet\/produit\/bague-asymetrique-lemon\/"]}]},{"@type":"BreadcrumbList","@id":"https:\/\/www.ladael.com\/lea-costet\/produit\/bague-asymetrique-lemon\/#breadcrumb","itemListElement":[{"@type":"ListItem","position":1,"name":"Accueil","item":"https:\/\/www.ladael.com\/lea-costet\/"},{"@type":"ListItem","position":2,"name":"Les bijoux","item":"https:\/\/www.ladael.com\/lea-costet\/boutique\/"},{"@type":"ListItem","position":3,"name":"Bague asym\u00e9trique lemon"}]}]}},"_links":{"self":[{"href":"https:\/\/www.ladael.com\/lea-costet\/wp-json\/wp\/v2\/product\/1374"}],"collection":[{"href":"https:\/\/www.ladael.com\/lea-costet\/wp-json\/wp\/v2\/product"}],"about":[{"href":"https:\/\/www.ladael.com\/lea-costet\/wp-json\/wp\/v2\/types\/product"}],"replies":[{"embeddable":true,"href":"https:\/\/www.ladael.com\/lea-costet\/wp-json\/wp\/v2\/comments?post=1374"}],"wp:featuredmedia":[{"embeddable":true,"href":"https:\/\/www.ladael.com\/lea-costet\/wp-json\/wp\/v2\/media\/1734"}],"wp:attachment":[{"href":"https:\/\/www.ladael.com\/lea-costet\/wp-json\/wp\/v2\/media?parent=1374"}],"wp:term":[{"taxonomy":"product_cat","embeddable":true,"href":"https:\/\/www.ladael.com\/lea-costet\/wp-json\/wp\/v2\/product_cat?post=1374"},{"taxonomy":"product_tag","embeddable":true,"href":"https:\/\/www.ladael.com\/lea-costet\/wp-json\/wp\/v2\/product_tag?post=1374"}],"curies":[{"name":"wp","href":"https:\/\/api.w.org\/{rel}","templated":true}]}}