{"id":1709,"date":"2024-04-08T17:05:52","date_gmt":"2024-04-08T15:05:52","guid":{"rendered":"https:\/\/www.ladael.com\/lea-costet\/?post_type=product&#038;p=1709"},"modified":"2024-05-07T13:38:58","modified_gmt":"2024-05-07T11:38:58","slug":"bague-amethyste","status":"publish","type":"product","link":"https:\/\/www.ladael.com\/lea-costet\/produit\/bague-amethyste\/","title":{"rendered":"Bague am\u00e9thyste"},"content":{"rendered":"<p>Bague textur\u00e9e en argent sertie d\u2019une am\u00e9thyste ovale.<\/p>\n<p>Taille 53.<\/p>\n<p>Pi\u00e8ce unique <\/p>\n","protected":false},"excerpt":{"rendered":"<p>Bague textur\u00e9e en argent sertie d\u2019une am\u00e9thyste ovale. Taille 53FR<\/p>\n","protected":false},"featured_media":1698,"comment_status":"open","ping_status":"closed","template":"","meta":{"kt_blocks_editor_width":"","_coblocks_attr":"","_coblocks_dimensions":"","_coblocks_responsive_height":"","_coblocks_accordion_ie_support":"","spay_email":""},"product_cat":[186],"product_tag":[],"acf":[],"yoast_head":"<!-- This site is optimized with the Yoast SEO plugin v17.5 - https:\/\/yoast.com\/wordpress\/plugins\/seo\/ -->\n<title>Bague am\u00e9thyste - L\u00e9a Costet<\/title>\n<meta name=\"robots\" content=\"index, follow, max-snippet:-1, max-image-preview:large, max-video-preview:-1\" \/>\n<link rel=\"canonical\" href=\"https:\/\/www.ladael.com\/lea-costet\/produit\/bague-amethyste\/\" \/>\n<meta property=\"og:locale\" content=\"fr_FR\" \/>\n<meta property=\"og:type\" content=\"article\" \/>\n<meta property=\"og:title\" content=\"Bague am\u00e9thyste - L\u00e9a Costet\" \/>\n<meta property=\"og:description\" content=\"Bague textur\u00e9e en argent sertie d\u2019une am\u00e9thyste ovale. Taille 53FR\" \/>\n<meta property=\"og:url\" content=\"https:\/\/www.ladael.com\/lea-costet\/produit\/bague-amethyste\/\" \/>\n<meta property=\"og:site_name\" content=\"L\u00e9a Costet\" \/>\n<meta property=\"article:modified_time\" content=\"2024-05-07T11:38:58+00:00\" \/>\n<meta property=\"og:image\" content=\"https:\/\/www.ladael.com\/lea-costet\/wp-content\/uploads\/sites\/19\/2024\/04\/IMG_0744.jpeg\" \/>\n\t<meta property=\"og:image:width\" content=\"1406\" \/>\n\t<meta property=\"og:image:height\" content=\"1406\" \/>\n<meta name=\"twitter:card\" content=\"summary_large_image\" \/>\n<script type=\"application\/ld+json\" class=\"yoast-schema-graph\">{\"@context\":\"https:\/\/schema.org\",\"@graph\":[{\"@type\":\"WebSite\",\"@id\":\"https:\/\/www.ladael.com\/lea-costet\/#website\",\"url\":\"https:\/\/www.ladael.com\/lea-costet\/\",\"name\":\"L\\u00e9a Costet\",\"description\":\"Artisane Bijouti\\u00e8re\",\"potentialAction\":[{\"@type\":\"SearchAction\",\"target\":{\"@type\":\"EntryPoint\",\"urlTemplate\":\"https:\/\/www.ladael.com\/lea-costet\/?s={search_term_string}\"},\"query-input\":\"required name=search_term_string\"}],\"inLanguage\":\"fr-FR\"},{\"@type\":\"ImageObject\",\"@id\":\"https:\/\/www.ladael.com\/lea-costet\/produit\/bague-amethyste\/#primaryimage\",\"inLanguage\":\"fr-FR\",\"url\":\"https:\/\/www.ladael.com\/lea-costet\/wp-content\/uploads\/sites\/19\/2024\/04\/IMG_0744.jpeg\",\"contentUrl\":\"https:\/\/www.ladael.com\/lea-costet\/wp-content\/uploads\/sites\/19\/2024\/04\/IMG_0744.jpeg\",\"width\":1406,\"height\":1406},{\"@type\":\"WebPage\",\"@id\":\"https:\/\/www.ladael.com\/lea-costet\/produit\/bague-amethyste\/#webpage\",\"url\":\"https:\/\/www.ladael.com\/lea-costet\/produit\/bague-amethyste\/\",\"name\":\"Bague am\\u00e9thyste - L\\u00e9a Costet\",\"isPartOf\":{\"@id\":\"https:\/\/www.ladael.com\/lea-costet\/#website\"},\"primaryImageOfPage\":{\"@id\":\"https:\/\/www.ladael.com\/lea-costet\/produit\/bague-amethyste\/#primaryimage\"},\"datePublished\":\"2024-04-08T15:05:52+00:00\",\"dateModified\":\"2024-05-07T11:38:58+00:00\",\"breadcrumb\":{\"@id\":\"https:\/\/www.ladael.com\/lea-costet\/produit\/bague-amethyste\/#breadcrumb\"},\"inLanguage\":\"fr-FR\",\"potentialAction\":[{\"@type\":\"ReadAction\",\"target\":[\"https:\/\/www.ladael.com\/lea-costet\/produit\/bague-amethyste\/\"]}]},{\"@type\":\"BreadcrumbList\",\"@id\":\"https:\/\/www.ladael.com\/lea-costet\/produit\/bague-amethyste\/#breadcrumb\",\"itemListElement\":[{\"@type\":\"ListItem\",\"position\":1,\"name\":\"Accueil\",\"item\":\"https:\/\/www.ladael.com\/lea-costet\/\"},{\"@type\":\"ListItem\",\"position\":2,\"name\":\"Les bijoux\",\"item\":\"https:\/\/www.ladael.com\/lea-costet\/boutique\/\"},{\"@type\":\"ListItem\",\"position\":3,\"name\":\"Bague am\\u00e9thyste\"}]}]}<\/script>\n<!-- \/ Yoast SEO plugin. -->","yoast_head_json":{"title":"Bague am\u00e9thyste - L\u00e9a Costet","robots":{"index":"index","follow":"follow","max-snippet":"max-snippet:-1","max-image-preview":"max-image-preview:large","max-video-preview":"max-video-preview:-1"},"canonical":"https:\/\/www.ladael.com\/lea-costet\/produit\/bague-amethyste\/","og_locale":"fr_FR","og_type":"article","og_title":"Bague am\u00e9thyste - L\u00e9a Costet","og_description":"Bague textur\u00e9e en argent sertie d\u2019une am\u00e9thyste ovale. Taille 53FR","og_url":"https:\/\/www.ladael.com\/lea-costet\/produit\/bague-amethyste\/","og_site_name":"L\u00e9a Costet","article_modified_time":"2024-05-07T11:38:58+00:00","og_image":[{"width":1406,"height":1406,"url":"https:\/\/www.ladael.com\/lea-costet\/wp-content\/uploads\/sites\/19\/2024\/04\/IMG_0744.jpeg","type":"image\/jpeg"}],"twitter_card":"summary_large_image","schema":{"@context":"https:\/\/schema.org","@graph":[{"@type":"WebSite","@id":"https:\/\/www.ladael.com\/lea-costet\/#website","url":"https:\/\/www.ladael.com\/lea-costet\/","name":"L\u00e9a Costet","description":"Artisane Bijouti\u00e8re","potentialAction":[{"@type":"SearchAction","target":{"@type":"EntryPoint","urlTemplate":"https:\/\/www.ladael.com\/lea-costet\/?s={search_term_string}"},"query-input":"required name=search_term_string"}],"inLanguage":"fr-FR"},{"@type":"ImageObject","@id":"https:\/\/www.ladael.com\/lea-costet\/produit\/bague-amethyste\/#primaryimage","inLanguage":"fr-FR","url":"https:\/\/www.ladael.com\/lea-costet\/wp-content\/uploads\/sites\/19\/2024\/04\/IMG_0744.jpeg","contentUrl":"https:\/\/www.ladael.com\/lea-costet\/wp-content\/uploads\/sites\/19\/2024\/04\/IMG_0744.jpeg","width":1406,"height":1406},{"@type":"WebPage","@id":"https:\/\/www.ladael.com\/lea-costet\/produit\/bague-amethyste\/#webpage","url":"https:\/\/www.ladael.com\/lea-costet\/produit\/bague-amethyste\/","name":"Bague am\u00e9thyste - L\u00e9a Costet","isPartOf":{"@id":"https:\/\/www.ladael.com\/lea-costet\/#website"},"primaryImageOfPage":{"@id":"https:\/\/www.ladael.com\/lea-costet\/produit\/bague-amethyste\/#primaryimage"},"datePublished":"2024-04-08T15:05:52+00:00","dateModified":"2024-05-07T11:38:58+00:00","breadcrumb":{"@id":"https:\/\/www.ladael.com\/lea-costet\/produit\/bague-amethyste\/#breadcrumb"},"inLanguage":"fr-FR","potentialAction":[{"@type":"ReadAction","target":["https:\/\/www.ladael.com\/lea-costet\/produit\/bague-amethyste\/"]}]},{"@type":"BreadcrumbList","@id":"https:\/\/www.ladael.com\/lea-costet\/produit\/bague-amethyste\/#breadcrumb","itemListElement":[{"@type":"ListItem","position":1,"name":"Accueil","item":"https:\/\/www.ladael.com\/lea-costet\/"},{"@type":"ListItem","position":2,"name":"Les bijoux","item":"https:\/\/www.ladael.com\/lea-costet\/boutique\/"},{"@type":"ListItem","position":3,"name":"Bague am\u00e9thyste"}]}]}},"_links":{"self":[{"href":"https:\/\/www.ladael.com\/lea-costet\/wp-json\/wp\/v2\/product\/1709"}],"collection":[{"href":"https:\/\/www.ladael.com\/lea-costet\/wp-json\/wp\/v2\/product"}],"about":[{"href":"https:\/\/www.ladael.com\/lea-costet\/wp-json\/wp\/v2\/types\/product"}],"replies":[{"embeddable":true,"href":"https:\/\/www.ladael.com\/lea-costet\/wp-json\/wp\/v2\/comments?post=1709"}],"wp:featuredmedia":[{"embeddable":true,"href":"https:\/\/www.ladael.com\/lea-costet\/wp-json\/wp\/v2\/media\/1698"}],"wp:attachment":[{"href":"https:\/\/www.ladael.com\/lea-costet\/wp-json\/wp\/v2\/media?parent=1709"}],"wp:term":[{"taxonomy":"product_cat","embeddable":true,"href":"https:\/\/www.ladael.com\/lea-costet\/wp-json\/wp\/v2\/product_cat?post=1709"},{"taxonomy":"product_tag","embeddable":true,"href":"https:\/\/www.ladael.com\/lea-costet\/wp-json\/wp\/v2\/product_tag?post=1709"}],"curies":[{"name":"wp","href":"https:\/\/api.w.org\/{rel}","templated":true}]}}