{"id":1766,"date":"2024-10-09T18:12:37","date_gmt":"2024-10-09T16:12:37","guid":{"rendered":"https:\/\/www.ladael.com\/lea-costet\/?post_type=product&#038;p=1766"},"modified":"2024-10-09T18:12:38","modified_gmt":"2024-10-09T16:12:38","slug":"bague-orbes-prasiolite","status":"publish","type":"product","link":"https:\/\/www.ladael.com\/lea-costet\/produit\/bague-orbes-prasiolite\/","title":{"rendered":"Bague Orbes prasiolite"},"content":{"rendered":"<p>Bague de la collection Orbes sertie d&#8217;une prasiolite taille rectangle \u00e0 pans coup\u00e9s.<\/p>\n<p>Disponible de suite en taille 54FR ou bien \u00e0 la commande pour une autre taille. Compter environ 3 semaines pour la fabrication.<\/p>\n<p>Enti\u00e8rement fabriqu\u00e9e \u00e0 la main dans mon atelier.<\/p>\n","protected":false},"excerpt":{"rendered":"<p>&nbsp;<\/p>\n<p>Bague de la collection Orbes sertie d&#8217;une prasiolite taille rectangle \u00e0 pans coup\u00e9s.<\/p>\n","protected":false},"featured_media":1749,"comment_status":"open","ping_status":"closed","template":"","meta":{"kt_blocks_editor_width":"","_coblocks_attr":"","_coblocks_dimensions":"","_coblocks_responsive_height":"","_coblocks_accordion_ie_support":"","spay_email":""},"product_cat":[186],"product_tag":[],"acf":[],"yoast_head":"<!-- This site is optimized with the Yoast SEO plugin v17.5 - https:\/\/yoast.com\/wordpress\/plugins\/seo\/ -->\n<title>Bague Orbes prasiolite - L\u00e9a Costet<\/title>\n<meta name=\"robots\" content=\"index, follow, max-snippet:-1, max-image-preview:large, max-video-preview:-1\" \/>\n<link rel=\"canonical\" href=\"https:\/\/www.ladael.com\/lea-costet\/produit\/bague-orbes-prasiolite\/\" \/>\n<meta property=\"og:locale\" content=\"fr_FR\" \/>\n<meta property=\"og:type\" content=\"article\" \/>\n<meta property=\"og:title\" content=\"Bague Orbes prasiolite - L\u00e9a Costet\" \/>\n<meta property=\"og:description\" content=\"&nbsp;  Bague de la collection Orbes sertie d&#039;une prasiolite taille rectangle \u00e0 pans coup\u00e9s.\" \/>\n<meta property=\"og:url\" content=\"https:\/\/www.ladael.com\/lea-costet\/produit\/bague-orbes-prasiolite\/\" \/>\n<meta property=\"og:site_name\" content=\"L\u00e9a Costet\" \/>\n<meta property=\"article:modified_time\" content=\"2024-10-09T16:12:38+00:00\" \/>\n<meta property=\"og:image\" content=\"https:\/\/www.ladael.com\/lea-costet\/wp-content\/uploads\/sites\/19\/2024\/10\/IMG_1141-e1728490145592.jpg\" \/>\n\t<meta property=\"og:image:width\" content=\"952\" \/>\n\t<meta property=\"og:image:height\" content=\"952\" \/>\n<meta name=\"twitter:card\" content=\"summary_large_image\" \/>\n<script type=\"application\/ld+json\" class=\"yoast-schema-graph\">{\"@context\":\"https:\/\/schema.org\",\"@graph\":[{\"@type\":\"WebSite\",\"@id\":\"https:\/\/www.ladael.com\/lea-costet\/#website\",\"url\":\"https:\/\/www.ladael.com\/lea-costet\/\",\"name\":\"L\\u00e9a Costet\",\"description\":\"Artisane Bijouti\\u00e8re\",\"potentialAction\":[{\"@type\":\"SearchAction\",\"target\":{\"@type\":\"EntryPoint\",\"urlTemplate\":\"https:\/\/www.ladael.com\/lea-costet\/?s={search_term_string}\"},\"query-input\":\"required name=search_term_string\"}],\"inLanguage\":\"fr-FR\"},{\"@type\":\"ImageObject\",\"@id\":\"https:\/\/www.ladael.com\/lea-costet\/produit\/bague-orbes-prasiolite\/#primaryimage\",\"inLanguage\":\"fr-FR\",\"url\":\"https:\/\/www.ladael.com\/lea-costet\/wp-content\/uploads\/sites\/19\/2024\/10\/IMG_1141-e1728490145592.jpg\",\"contentUrl\":\"https:\/\/www.ladael.com\/lea-costet\/wp-content\/uploads\/sites\/19\/2024\/10\/IMG_1141-e1728490145592.jpg\",\"width\":952,\"height\":952},{\"@type\":\"WebPage\",\"@id\":\"https:\/\/www.ladael.com\/lea-costet\/produit\/bague-orbes-prasiolite\/#webpage\",\"url\":\"https:\/\/www.ladael.com\/lea-costet\/produit\/bague-orbes-prasiolite\/\",\"name\":\"Bague Orbes prasiolite - L\\u00e9a Costet\",\"isPartOf\":{\"@id\":\"https:\/\/www.ladael.com\/lea-costet\/#website\"},\"primaryImageOfPage\":{\"@id\":\"https:\/\/www.ladael.com\/lea-costet\/produit\/bague-orbes-prasiolite\/#primaryimage\"},\"datePublished\":\"2024-10-09T16:12:37+00:00\",\"dateModified\":\"2024-10-09T16:12:38+00:00\",\"breadcrumb\":{\"@id\":\"https:\/\/www.ladael.com\/lea-costet\/produit\/bague-orbes-prasiolite\/#breadcrumb\"},\"inLanguage\":\"fr-FR\",\"potentialAction\":[{\"@type\":\"ReadAction\",\"target\":[\"https:\/\/www.ladael.com\/lea-costet\/produit\/bague-orbes-prasiolite\/\"]}]},{\"@type\":\"BreadcrumbList\",\"@id\":\"https:\/\/www.ladael.com\/lea-costet\/produit\/bague-orbes-prasiolite\/#breadcrumb\",\"itemListElement\":[{\"@type\":\"ListItem\",\"position\":1,\"name\":\"Accueil\",\"item\":\"https:\/\/www.ladael.com\/lea-costet\/\"},{\"@type\":\"ListItem\",\"position\":2,\"name\":\"Les bijoux\",\"item\":\"https:\/\/www.ladael.com\/lea-costet\/boutique\/\"},{\"@type\":\"ListItem\",\"position\":3,\"name\":\"Bague Orbes prasiolite\"}]}]}<\/script>\n<!-- \/ Yoast SEO plugin. -->","yoast_head_json":{"title":"Bague Orbes prasiolite - L\u00e9a Costet","robots":{"index":"index","follow":"follow","max-snippet":"max-snippet:-1","max-image-preview":"max-image-preview:large","max-video-preview":"max-video-preview:-1"},"canonical":"https:\/\/www.ladael.com\/lea-costet\/produit\/bague-orbes-prasiolite\/","og_locale":"fr_FR","og_type":"article","og_title":"Bague Orbes prasiolite - L\u00e9a Costet","og_description":"&nbsp;  Bague de la collection Orbes sertie d'une prasiolite taille rectangle \u00e0 pans coup\u00e9s.","og_url":"https:\/\/www.ladael.com\/lea-costet\/produit\/bague-orbes-prasiolite\/","og_site_name":"L\u00e9a Costet","article_modified_time":"2024-10-09T16:12:38+00:00","og_image":[{"width":952,"height":952,"url":"https:\/\/www.ladael.com\/lea-costet\/wp-content\/uploads\/sites\/19\/2024\/10\/IMG_1141-e1728490145592.jpg","type":"image\/jpeg"}],"twitter_card":"summary_large_image","schema":{"@context":"https:\/\/schema.org","@graph":[{"@type":"WebSite","@id":"https:\/\/www.ladael.com\/lea-costet\/#website","url":"https:\/\/www.ladael.com\/lea-costet\/","name":"L\u00e9a Costet","description":"Artisane Bijouti\u00e8re","potentialAction":[{"@type":"SearchAction","target":{"@type":"EntryPoint","urlTemplate":"https:\/\/www.ladael.com\/lea-costet\/?s={search_term_string}"},"query-input":"required name=search_term_string"}],"inLanguage":"fr-FR"},{"@type":"ImageObject","@id":"https:\/\/www.ladael.com\/lea-costet\/produit\/bague-orbes-prasiolite\/#primaryimage","inLanguage":"fr-FR","url":"https:\/\/www.ladael.com\/lea-costet\/wp-content\/uploads\/sites\/19\/2024\/10\/IMG_1141-e1728490145592.jpg","contentUrl":"https:\/\/www.ladael.com\/lea-costet\/wp-content\/uploads\/sites\/19\/2024\/10\/IMG_1141-e1728490145592.jpg","width":952,"height":952},{"@type":"WebPage","@id":"https:\/\/www.ladael.com\/lea-costet\/produit\/bague-orbes-prasiolite\/#webpage","url":"https:\/\/www.ladael.com\/lea-costet\/produit\/bague-orbes-prasiolite\/","name":"Bague Orbes prasiolite - L\u00e9a Costet","isPartOf":{"@id":"https:\/\/www.ladael.com\/lea-costet\/#website"},"primaryImageOfPage":{"@id":"https:\/\/www.ladael.com\/lea-costet\/produit\/bague-orbes-prasiolite\/#primaryimage"},"datePublished":"2024-10-09T16:12:37+00:00","dateModified":"2024-10-09T16:12:38+00:00","breadcrumb":{"@id":"https:\/\/www.ladael.com\/lea-costet\/produit\/bague-orbes-prasiolite\/#breadcrumb"},"inLanguage":"fr-FR","potentialAction":[{"@type":"ReadAction","target":["https:\/\/www.ladael.com\/lea-costet\/produit\/bague-orbes-prasiolite\/"]}]},{"@type":"BreadcrumbList","@id":"https:\/\/www.ladael.com\/lea-costet\/produit\/bague-orbes-prasiolite\/#breadcrumb","itemListElement":[{"@type":"ListItem","position":1,"name":"Accueil","item":"https:\/\/www.ladael.com\/lea-costet\/"},{"@type":"ListItem","position":2,"name":"Les bijoux","item":"https:\/\/www.ladael.com\/lea-costet\/boutique\/"},{"@type":"ListItem","position":3,"name":"Bague Orbes prasiolite"}]}]}},"_links":{"self":[{"href":"https:\/\/www.ladael.com\/lea-costet\/wp-json\/wp\/v2\/product\/1766"}],"collection":[{"href":"https:\/\/www.ladael.com\/lea-costet\/wp-json\/wp\/v2\/product"}],"about":[{"href":"https:\/\/www.ladael.com\/lea-costet\/wp-json\/wp\/v2\/types\/product"}],"replies":[{"embeddable":true,"href":"https:\/\/www.ladael.com\/lea-costet\/wp-json\/wp\/v2\/comments?post=1766"}],"wp:featuredmedia":[{"embeddable":true,"href":"https:\/\/www.ladael.com\/lea-costet\/wp-json\/wp\/v2\/media\/1749"}],"wp:attachment":[{"href":"https:\/\/www.ladael.com\/lea-costet\/wp-json\/wp\/v2\/media?parent=1766"}],"wp:term":[{"taxonomy":"product_cat","embeddable":true,"href":"https:\/\/www.ladael.com\/lea-costet\/wp-json\/wp\/v2\/product_cat?post=1766"},{"taxonomy":"product_tag","embeddable":true,"href":"https:\/\/www.ladael.com\/lea-costet\/wp-json\/wp\/v2\/product_tag?post=1766"}],"curies":[{"name":"wp","href":"https:\/\/api.w.org\/{rel}","templated":true}]}}