{"id":66,"date":"2020-09-22T15:45:54","date_gmt":"2020-09-22T13:45:54","guid":{"rendered":"http:\/\/www.ladael.com\/test1\/?page_id=66"},"modified":"2022-01-16T14:15:27","modified_gmt":"2022-01-16T13:15:27","slug":"accueil","status":"publish","type":"page","link":"https:\/\/www.ladael.com\/ravinala-jewelry\/","title":{"rendered":"Accueil"},"content":{"rendered":"<style id=\"kt-blocks_7b62d6-9a\">@media all and (min-width: 768px){#kt-layout-id_7b62d6-9a > .kt-row-column-wrap > .inner-column-1{flex:0 1 35%;-webkit-flex:0 1 35%;}#kt-layout-id_7b62d6-9a > .kt-row-column-wrap > .inner-column-2{flex:0 1 30%;-webkit-flex:0 1 30%;}#kt-layout-id_7b62d6-9a > .kt-row-column-wrap > .inner-column-3{flex:0 1 35%;-webkit-flex:0 1 35%;}}#kt-layout-id_7b62d6-9a{background-color:#f9f9f9;}#kt-layout-id_7b62d6-9a > .kt-row-column-wrap{padding-top:18px;padding-bottom:85px;max-width:1140px;margin-left:auto;margin-right:auto;}<\/style>\n<div class=\"wp-block-kadence-rowlayout alignfull\"><div id=\"kt-layout-id_7b62d6-9a\" class=\"kt-row-layout-inner kt-row-has-bg kt-layout-id_7b62d6-9a\"><div class=\"kt-row-column-wrap kt-has-3-columns kt-gutter-default kt-v-gutter-default kt-row-valign-top kt-row-layout-equal kt-tab-layout-inherit kt-m-colapse-left-to-right kt-mobile-layout-row  kt-custom-first-width-35  kt-custom-second-width-30  kt-custom-third-width-35\">\n<div class=\"wp-block-kadence-column inner-column-1 kadence-column_4ac418-1a\"><div class=\"kt-inside-inner-col\"><style id=\"kt-blocks_ea760e-a1\">#kt-info-box_ea760e-a1 .kt-blocks-info-box-link-wrap{border-color:#fff;border-radius:30px;background:#fff;padding-top:20px;padding-right:20px;padding-bottom:20px;padding-left:20px;border-top-width:5px;border-right-width:5px;border-bottom-width:5px;border-left-width:5px;}#kt-info-box_ea760e-a1 .kt-blocks-info-box-link-wrap:hover{border-color:#f2f2f2;background:#fff;}#kt-info-box_ea760e-a1 .kadence-info-box-image-inner-intrisic-container{max-width:200px;}#kt-info-box_ea760e-a1 .kadence-info-box-image-inner-intrisic-container .kadence-info-box-image-intrisic{padding-bottom:72.5%;width:1880px;height:0px;max-width:100%;}#kt-info-box_ea760e-a1 .kt-info-svg-icon, #kt-info-box_ea760e-a1 .kt-info-svg-icon-flip, #kt-info-box_ea760e-a1 .kt-blocks-info-box-number{font-size:50px;}#kt-info-box_ea760e-a1 .kt-blocks-info-box-media{color:#444;background:#fff;border-color:#d1d1d1;border-radius:200px;border-top-width:0px;border-right-width:0px;border-bottom-width:0px;border-left-width:0px;padding-top:8px;padding-right:8px;padding-bottom:8px;padding-left:8px;}#kt-info-box_ea760e-a1 .kt-blocks-info-box-media-container{margin-top:0px;margin-right:15px;margin-bottom:0px;margin-left:15px;}#kt-info-box_ea760e-a1 .kt-blocks-info-box-media .kadence-info-box-image-intrisic:not(.kb-info-box-image-ratio) img{border-radius:200px;}#kt-info-box_ea760e-a1 .kt-blocks-info-box-link-wrap:hover .kt-blocks-info-box-media{color:#000;background:#fff;border-color:#d1d1d1;}#kt-info-box_ea760e-a1 .kt-blocks-info-box-title{color:#000;font-size:20px;line-height:25px;font-family:Montserrat;font-style:normal;font-weight:300;padding-top:0px;padding-right:0px;padding-bottom:0px;padding-left:0px;margin-top:5px;margin-right:0px;margin-bottom:10px;margin-left:0px;}#kt-info-box_ea760e-a1 .kt-blocks-info-box-link-wrap:hover .kt-blocks-info-box-title{color:#000;}#kt-info-box_ea760e-a1 .kt-blocks-info-box-text{color:#444;font-size:16px;line-height:24px;font-family:Montserrat;font-style:normal;font-weight:300;}#kt-info-box_ea760e-a1 .kt-blocks-info-box-link-wrap:hover .kt-blocks-info-box-text{color:#000;}#kt-info-box_ea760e-a1 .kt-blocks-info-box-learnmore{color:#444;background:transparent;border-color:#444;font-family:Montserrat;font-style:normal;font-weight:300;border-width:1px 0px 0px 0px;padding:9px 8px 4px 8px;margin:15px 0px 10px 0px;}#kt-info-box_ea760e-a1 .kt-blocks-info-box-link-wrap:hover .kt-blocks-info-box-learnmore{color:#000;background:#fff;border-color:#000;}<\/style>\n<div id=\"kt-info-box_ea760e-a1\" class=\"wp-block-kadence-infobox\"><div class=\"kt-blocks-info-box-link-wrap kt-blocks-info-box-media-align-top kt-info-halign-center\"><div class=\"kt-blocks-info-box-media-container\"><div class=\"kt-blocks-info-box-media kt-info-media-animate-grayscale\"><div class=\"kadence-info-box-image-inner-intrisic-container\"><div class=\"kadence-info-box-image-intrisic kt-info-animate-grayscale\"><div class=\"kadence-info-box-image-inner-intrisic\"><img src=\"https:\/\/www.ladael.com\/ravinala-jewelry\/wp-content\/uploads\/sites\/14\/2022\/01\/17A60E7D-DE1C-45C7-A862-94BEFD0367FB.jpeg\" alt=\"\" width=\"1880\" height=\"1363\" class=\"kt-info-box-image wp-image-875\" srcset=\"https:\/\/www.ladael.com\/ravinala-jewelry\/wp-content\/uploads\/sites\/14\/2022\/01\/17A60E7D-DE1C-45C7-A862-94BEFD0367FB.jpeg 1880w, https:\/\/www.ladael.com\/ravinala-jewelry\/wp-content\/uploads\/sites\/14\/2022\/01\/17A60E7D-DE1C-45C7-A862-94BEFD0367FB-300x218.jpeg 300w, https:\/\/www.ladael.com\/ravinala-jewelry\/wp-content\/uploads\/sites\/14\/2022\/01\/17A60E7D-DE1C-45C7-A862-94BEFD0367FB-1024x742.jpeg 1024w, https:\/\/www.ladael.com\/ravinala-jewelry\/wp-content\/uploads\/sites\/14\/2022\/01\/17A60E7D-DE1C-45C7-A862-94BEFD0367FB-768x557.jpeg 768w, https:\/\/www.ladael.com\/ravinala-jewelry\/wp-content\/uploads\/sites\/14\/2022\/01\/17A60E7D-DE1C-45C7-A862-94BEFD0367FB-1536x1114.jpeg 1536w, https:\/\/www.ladael.com\/ravinala-jewelry\/wp-content\/uploads\/sites\/14\/2022\/01\/17A60E7D-DE1C-45C7-A862-94BEFD0367FB-416x302.jpeg 416w\" sizes=\"(max-width: 1880px) 100vw, 1880px\" \/><\/div><\/div><\/div><\/div><\/div><div class=\"kt-infobox-textcontent\"><h4 class=\"kt-blocks-info-box-title\">Mes Collections <\/h4><p class=\"kt-blocks-info-box-text\">Immergez-vous dans l&#8217;univers de la cr\u00e9atrice et d\u00e9couvrez des bijoux singuliers<br \/><br \/><br \/><br \/><\/p><div class=\"kt-blocks-info-box-learnmore-wrap\"><a class=\"kt-blocks-info-box-learnmore info-box-link\" href=\"https:\/\/www.ladael.com\/ravinala-jewelry\/collections\/\">D\u00e9couvrir<\/a><\/div><\/div><\/div><\/div>\n<\/div><\/div>\n\n\n\n<div class=\"wp-block-kadence-column inner-column-2 kadence-column_27e9ba-88\"><div class=\"kt-inside-inner-col\"><style id=\"kt-blocks_4471b4-94\">#kt-info-box_4471b4-94 .kt-blocks-info-box-link-wrap{border-color:#fff;border-radius:30px;background:#fff;padding-top:20px;padding-right:20px;padding-bottom:20px;padding-left:20px;border-top-width:5px;border-right-width:5px;border-bottom-width:5px;border-left-width:5px;}#kt-info-box_4471b4-94 .kt-blocks-info-box-link-wrap:hover{border-color:#f2f2f2;background:#fff;}#kt-info-box_4471b4-94 .kadence-info-box-image-inner-intrisic-container{max-width:200px;}#kt-info-box_4471b4-94 .kadence-info-box-image-inner-intrisic-container .kadence-info-box-image-intrisic{padding-bottom:100%;width:1512px;height:0px;max-width:100%;}#kt-info-box_4471b4-94 .kt-info-svg-icon, #kt-info-box_4471b4-94 .kt-info-svg-icon-flip, #kt-info-box_4471b4-94 .kt-blocks-info-box-number{font-size:50px;}#kt-info-box_4471b4-94 .kt-blocks-info-box-media{color:#444;background:#fff;border-color:#d1d1d1;border-radius:200px;border-top-width:0px;border-right-width:0px;border-bottom-width:0px;border-left-width:0px;padding-top:8px;padding-right:8px;padding-bottom:8px;padding-left:8px;}#kt-info-box_4471b4-94 .kt-blocks-info-box-media-container{margin-top:0px;margin-right:15px;margin-bottom:0px;margin-left:15px;}#kt-info-box_4471b4-94 .kt-blocks-info-box-media .kadence-info-box-image-intrisic:not(.kb-info-box-image-ratio) img{border-radius:200px;}#kt-info-box_4471b4-94 .kt-blocks-info-box-link-wrap:hover .kt-blocks-info-box-media{color:#000;background:#fff;border-color:#d1d1d1;}#kt-info-box_4471b4-94 .kt-blocks-info-box-title{color:#000;font-size:20px;line-height:25px;font-family:Montserrat;font-style:normal;font-weight:300;padding-top:0px;padding-right:0px;padding-bottom:0px;padding-left:0px;margin-top:5px;margin-right:0px;margin-bottom:10px;margin-left:0px;}#kt-info-box_4471b4-94 .kt-blocks-info-box-link-wrap:hover .kt-blocks-info-box-title{color:#000;}#kt-info-box_4471b4-94 .kt-blocks-info-box-text{color:#444;font-size:16px;line-height:24px;font-family:Montserrat;font-style:normal;font-weight:300;}#kt-info-box_4471b4-94 .kt-blocks-info-box-link-wrap:hover .kt-blocks-info-box-text{color:#000;}#kt-info-box_4471b4-94 .kt-blocks-info-box-learnmore{color:#444;background:transparent;border-color:#444;font-family:Montserrat;font-style:normal;font-weight:300;border-width:1px 0px 0px 0px;padding:9px 8px 4px 8px;margin:15px 0px 10px 0px;}#kt-info-box_4471b4-94 .kt-blocks-info-box-link-wrap:hover .kt-blocks-info-box-learnmore{color:#000;background:#fff;border-color:#000;}<\/style>\n<div id=\"kt-info-box_4471b4-94\" class=\"wp-block-kadence-infobox\"><div class=\"kt-blocks-info-box-link-wrap kt-blocks-info-box-media-align-top kt-info-halign-center\"><div class=\"kt-blocks-info-box-media-container\"><div class=\"kt-blocks-info-box-media kt-info-media-animate-grayscale\"><div class=\"kadence-info-box-image-inner-intrisic-container\"><div class=\"kadence-info-box-image-intrisic kt-info-animate-grayscale\"><div class=\"kadence-info-box-image-inner-intrisic\"><img src=\"https:\/\/www.ladael.com\/ravinala-jewelry\/wp-content\/uploads\/sites\/14\/2020\/11\/Image-2.jpg\" alt=\"\" width=\"1512\" height=\"1512\" class=\"kt-info-box-image wp-image-636\" srcset=\"https:\/\/www.ladael.com\/ravinala-jewelry\/wp-content\/uploads\/sites\/14\/2020\/11\/Image-2.jpg 1512w, https:\/\/www.ladael.com\/ravinala-jewelry\/wp-content\/uploads\/sites\/14\/2020\/11\/Image-2-300x300.jpg 300w, https:\/\/www.ladael.com\/ravinala-jewelry\/wp-content\/uploads\/sites\/14\/2020\/11\/Image-2-1024x1024.jpg 1024w, https:\/\/www.ladael.com\/ravinala-jewelry\/wp-content\/uploads\/sites\/14\/2020\/11\/Image-2-150x150.jpg 150w, https:\/\/www.ladael.com\/ravinala-jewelry\/wp-content\/uploads\/sites\/14\/2020\/11\/Image-2-768x768.jpg 768w, https:\/\/www.ladael.com\/ravinala-jewelry\/wp-content\/uploads\/sites\/14\/2020\/11\/Image-2-324x324.jpg 324w, https:\/\/www.ladael.com\/ravinala-jewelry\/wp-content\/uploads\/sites\/14\/2020\/11\/Image-2-416x416.jpg 416w, https:\/\/www.ladael.com\/ravinala-jewelry\/wp-content\/uploads\/sites\/14\/2020\/11\/Image-2-100x100.jpg 100w\" sizes=\"(max-width: 1512px) 100vw, 1512px\" \/><\/div><\/div><\/div><\/div><\/div><div class=\"kt-infobox-textcontent\"><h4 class=\"kt-blocks-info-box-title\">Cr\u00e9ations &#8220;Sur-mesure&#8221;<\/h4><p class=\"kt-blocks-info-box-text\">Partagez vos envies \u00e0 Laura, qui  donnera vie \u00e0 vos projets pour faire plaisir \u00e0 vos proches ou \u00e0 vous m\u00eame.<br \/><br \/><\/p><div class=\"kt-blocks-info-box-learnmore-wrap\"><a class=\"kt-blocks-info-box-learnmore info-box-link\" href=\"https:\/\/www.ladael.com\/ravinala-jewelry\/creations-sur-mesure\/\">D\u00e9couvrir<\/a><\/div><\/div><\/div><\/div>\n\n\n\n<p><\/p>\n<\/div><\/div>\n\n\n\n<div class=\"wp-block-kadence-column inner-column-3 kadence-column_0a243e-c8\"><div class=\"kt-inside-inner-col\"><style id=\"kt-blocks_2b34a9-dc\">#kt-info-box_2b34a9-dc .kt-blocks-info-box-link-wrap{border-color:#fff;border-radius:30px;background:#fff;padding-top:20px;padding-right:20px;padding-bottom:20px;padding-left:20px;border-top-width:5px;border-right-width:5px;border-bottom-width:5px;border-left-width:5px;}#kt-info-box_2b34a9-dc .kt-blocks-info-box-link-wrap:hover{border-color:#f2f2f2;background:#fff;}#kt-info-box_2b34a9-dc .kadence-info-box-image-inner-intrisic-container{max-width:200px;}#kt-info-box_2b34a9-dc .kadence-info-box-image-inner-intrisic-container .kadence-info-box-image-intrisic{padding-bottom:112.257%;width:1852px;height:0px;max-width:100%;}#kt-info-box_2b34a9-dc .kt-info-svg-icon, #kt-info-box_2b34a9-dc .kt-info-svg-icon-flip, #kt-info-box_2b34a9-dc .kt-blocks-info-box-number{font-size:50px;}#kt-info-box_2b34a9-dc .kt-blocks-info-box-media{color:#444;background:#fff;border-color:#d1d1d1;border-radius:200px;border-top-width:0px;border-right-width:0px;border-bottom-width:0px;border-left-width:0px;padding-top:8px;padding-right:8px;padding-bottom:8px;padding-left:8px;}#kt-info-box_2b34a9-dc .kt-blocks-info-box-media-container{margin-top:0px;margin-right:15px;margin-bottom:0px;margin-left:15px;}#kt-info-box_2b34a9-dc .kt-blocks-info-box-media .kadence-info-box-image-intrisic:not(.kb-info-box-image-ratio) img{border-radius:200px;}#kt-info-box_2b34a9-dc .kt-blocks-info-box-link-wrap:hover .kt-blocks-info-box-media{color:#000;background:#fff;border-color:#d1d1d1;}#kt-info-box_2b34a9-dc .kt-blocks-info-box-title{color:#000;font-size:20px;line-height:25px;font-family:Montserrat;font-style:normal;font-weight:300;padding-top:0px;padding-right:0px;padding-bottom:0px;padding-left:0px;margin-top:5px;margin-right:0px;margin-bottom:10px;margin-left:0px;}#kt-info-box_2b34a9-dc .kt-blocks-info-box-link-wrap:hover .kt-blocks-info-box-title{color:#000;}#kt-info-box_2b34a9-dc .kt-blocks-info-box-text{color:#444;font-size:16px;line-height:24px;font-family:Montserrat;font-style:normal;font-weight:300;}#kt-info-box_2b34a9-dc .kt-blocks-info-box-link-wrap:hover .kt-blocks-info-box-text{color:#000;}#kt-info-box_2b34a9-dc .kt-blocks-info-box-learnmore{color:#444;background:transparent;border-color:#444;font-family:Montserrat;font-style:normal;font-weight:300;border-width:1px 0px 0px 0px;padding:9px 8px 4px 8px;margin:15px 0px 10px 0px;}#kt-info-box_2b34a9-dc .kt-blocks-info-box-link-wrap:hover .kt-blocks-info-box-learnmore{color:#000;background:#fff;border-color:#000;}<\/style>\n<div id=\"kt-info-box_2b34a9-dc\" class=\"wp-block-kadence-infobox\"><div class=\"kt-blocks-info-box-link-wrap kt-blocks-info-box-media-align-top kt-info-halign-center\"><div class=\"kt-blocks-info-box-media-container\"><div class=\"kt-blocks-info-box-media kt-info-media-animate-grayscale\"><div class=\"kadence-info-box-image-inner-intrisic-container\"><div class=\"kadence-info-box-image-intrisic kt-info-animate-grayscale\"><div class=\"kadence-info-box-image-inner-intrisic\"><img src=\"https:\/\/www.ladael.com\/ravinala-jewelry\/wp-content\/uploads\/sites\/14\/2022\/01\/386B4F2B-AEDB-46D9-9620-F938504C989D.jpeg\" alt=\"\" width=\"1852\" height=\"2079\" class=\"kt-info-box-image wp-image-869\" srcset=\"https:\/\/www.ladael.com\/ravinala-jewelry\/wp-content\/uploads\/sites\/14\/2022\/01\/386B4F2B-AEDB-46D9-9620-F938504C989D.jpeg 1852w, https:\/\/www.ladael.com\/ravinala-jewelry\/wp-content\/uploads\/sites\/14\/2022\/01\/386B4F2B-AEDB-46D9-9620-F938504C989D-267x300.jpeg 267w, https:\/\/www.ladael.com\/ravinala-jewelry\/wp-content\/uploads\/sites\/14\/2022\/01\/386B4F2B-AEDB-46D9-9620-F938504C989D-912x1024.jpeg 912w, https:\/\/www.ladael.com\/ravinala-jewelry\/wp-content\/uploads\/sites\/14\/2022\/01\/386B4F2B-AEDB-46D9-9620-F938504C989D-768x862.jpeg 768w, https:\/\/www.ladael.com\/ravinala-jewelry\/wp-content\/uploads\/sites\/14\/2022\/01\/386B4F2B-AEDB-46D9-9620-F938504C989D-1368x1536.jpeg 1368w, https:\/\/www.ladael.com\/ravinala-jewelry\/wp-content\/uploads\/sites\/14\/2022\/01\/386B4F2B-AEDB-46D9-9620-F938504C989D-1824x2048.jpeg 1824w, https:\/\/www.ladael.com\/ravinala-jewelry\/wp-content\/uploads\/sites\/14\/2022\/01\/386B4F2B-AEDB-46D9-9620-F938504C989D-416x467.jpeg 416w\" sizes=\"(max-width: 1852px) 100vw, 1852px\" \/><\/div><\/div><\/div><\/div><\/div><div class=\"kt-infobox-textcontent\"><h4 class=\"kt-blocks-info-box-title\">Bijou d&#8217;engagement<\/h4><p class=\"kt-blocks-info-box-text\"> Bague de fian\u00e7ailles &amp; alliances.<br \/>Bijou de naissance&#8230;. <br \/> Nous cr\u00e9erons les bijoux qui vous accompagneront tout au long de votre vie<\/p><div class=\"kt-blocks-info-box-learnmore-wrap\"><a class=\"kt-blocks-info-box-learnmore info-box-link\" href=\"https:\/\/www.ladael.com\/ravinala-jewelry\/bague-dengagement\/\">D\u00e9couvrir<\/a><\/div><\/div><\/div><\/div>\n\n\n\n<p><\/p>\n<\/div><\/div>\n<\/div><\/div><\/div>\n\n\n\n<div class=\"wp-block-group\"><div class=\"wp-block-group__inner-container\">\n<blockquote class=\"wp-block-quote has-text-align-center is-style-large\"><p>&#8221; Le bijou est plus qu\u2019un simple objet, il transporte l\u2019art dans le temps, par la transmission et la pr\u00e9servation &#8220;.<\/p><cite>Laura Duperron<\/cite><\/blockquote>\n\n\n\n<hr class=\"wp-block-separator is-style-dots\" \/>\n\n\n\n<p>Les bijoux ont une valeur symbolique forte, aim\u00e9s et ch\u00e9ris. Ils racontent une histoire, un lien entre des personnes, un \u00e9tat d&#8217;esprit, une transmission. L&#8217;artisan porte en son sein les pr\u00e9mices de ces symboles depuis sa fabrication, il donne un peu de lui, de ses propres qualit\u00e9s mais aussi de ses propres imperfections dans le bijou forgeant ainsi son caract\u00e8re unique.<\/p>\n<\/div><\/div>\n\n\n\n<p><\/p>\n","protected":false},"excerpt":{"rendered":"<p>&#8221; Le bijou est plus qu\u2019un simple objet, il transporte [&hellip;]<\/p>\n","protected":false},"author":1,"featured_media":250,"parent":0,"menu_order":0,"comment_status":"closed","ping_status":"closed","template":"template-homepage.php","meta":{"kt_blocks_editor_width":"","_coblocks_attr":"","_coblocks_dimensions":"","_coblocks_responsive_height":"","_coblocks_accordion_ie_support":"","spay_email":""},"acf":[],"yoast_head":"<!-- This site is optimized with the Yoast SEO plugin v17.5 - https:\/\/yoast.com\/wordpress\/plugins\/seo\/ -->\n<title>Accueil - Ravinala Jewelry<\/title>\n<meta name=\"description\" content=\"Artisanat d&#039;art &amp; Joaillerie - Ravinala Jewelry vous propose des bijoux r\u00e9alis\u00e9s \u00e0 la main \u00e0 Paris, Savoir-Faire Fran\u00e7ais. Venez d\u00e9couvrir et essayer ses collections directement dans son atelier partag\u00e9 \u00e0 Paris. Partagez vos envies et d\u00e9sirs pour d\u00e9finir un projet de cr\u00e9ation sur-mesure. Livraison Offerte en France.\" \/>\n<meta name=\"robots\" content=\"index, follow, max-snippet:-1, max-image-preview:large, max-video-preview:-1\" \/>\n<link rel=\"canonical\" href=\"https:\/\/www.ladael.com\/ravinala-jewelry\/\" \/>\n<meta property=\"og:locale\" content=\"fr_FR\" \/>\n<meta property=\"og:type\" content=\"article\" \/>\n<meta property=\"og:title\" content=\"Accueil - Ravinala Jewelry\" \/>\n<meta property=\"og:description\" content=\"Artisanat d&#039;art &amp; Joaillerie - Ravinala Jewelry vous propose des bijoux r\u00e9alis\u00e9s \u00e0 la main \u00e0 Paris, Savoir-Faire Fran\u00e7ais. Venez d\u00e9couvrir et essayer ses collections directement dans son atelier partag\u00e9 \u00e0 Paris. Partagez vos envies et d\u00e9sirs pour d\u00e9finir un projet de cr\u00e9ation sur-mesure. Livraison Offerte en France.\" \/>\n<meta property=\"og:url\" content=\"https:\/\/www.ladael.com\/ravinala-jewelry\/\" \/>\n<meta property=\"og:site_name\" content=\"Ravinala Jewelry\" \/>\n<meta property=\"article:modified_time\" content=\"2022-01-16T13:15:27+00:00\" \/>\n<meta property=\"og:image\" content=\"https:\/\/www.ladael.com\/ravinala-jewelry\/wp-content\/uploads\/sites\/14\/2020\/11\/1-copie.png\" \/>\n\t<meta property=\"og:image:width\" content=\"1500\" \/>\n\t<meta property=\"og:image:height\" content=\"1500\" \/>\n<meta name=\"twitter:card\" content=\"summary_large_image\" \/>\n<meta name=\"twitter:label1\" content=\"Dur\u00e9e de lecture est.\" \/>\n\t<meta name=\"twitter:data1\" content=\"2 minutes\" \/>\n<script type=\"application\/ld+json\" class=\"yoast-schema-graph\">{\"@context\":\"https:\/\/schema.org\",\"@graph\":[{\"@type\":\"WebSite\",\"@id\":\"https:\/\/www.ladael.com\/ravinala-jewelry\/#website\",\"url\":\"https:\/\/www.ladael.com\/ravinala-jewelry\/\",\"name\":\"Ravinala Jewelry\",\"description\":\"\",\"potentialAction\":[{\"@type\":\"SearchAction\",\"target\":{\"@type\":\"EntryPoint\",\"urlTemplate\":\"https:\/\/www.ladael.com\/ravinala-jewelry\/?s={search_term_string}\"},\"query-input\":\"required name=search_term_string\"}],\"inLanguage\":\"fr-FR\"},{\"@type\":\"ImageObject\",\"@id\":\"https:\/\/www.ladael.com\/ravinala-jewelry\/#primaryimage\",\"inLanguage\":\"fr-FR\",\"url\":\"https:\/\/www.ladael.com\/ravinala-jewelry\/wp-content\/uploads\/sites\/14\/2020\/11\/1-copie.png\",\"contentUrl\":\"https:\/\/www.ladael.com\/ravinala-jewelry\/wp-content\/uploads\/sites\/14\/2020\/11\/1-copie.png\",\"width\":1500,\"height\":1500},{\"@type\":\"WebPage\",\"@id\":\"https:\/\/www.ladael.com\/ravinala-jewelry\/#webpage\",\"url\":\"https:\/\/www.ladael.com\/ravinala-jewelry\/\",\"name\":\"Accueil - Ravinala Jewelry\",\"isPartOf\":{\"@id\":\"https:\/\/www.ladael.com\/ravinala-jewelry\/#website\"},\"primaryImageOfPage\":{\"@id\":\"https:\/\/www.ladael.com\/ravinala-jewelry\/#primaryimage\"},\"datePublished\":\"2020-09-22T13:45:54+00:00\",\"dateModified\":\"2022-01-16T13:15:27+00:00\",\"description\":\"Artisanat d'art & Joaillerie - Ravinala Jewelry vous propose des bijoux r\\u00e9alis\\u00e9s \\u00e0 la main \\u00e0 Paris, Savoir-Faire Fran\\u00e7ais. Venez d\\u00e9couvrir et essayer ses collections directement dans son atelier partag\\u00e9 \\u00e0 Paris. Partagez vos envies et d\\u00e9sirs pour d\\u00e9finir un projet de cr\\u00e9ation sur-mesure. Livraison Offerte en France.\",\"breadcrumb\":{\"@id\":\"https:\/\/www.ladael.com\/ravinala-jewelry\/#breadcrumb\"},\"inLanguage\":\"fr-FR\",\"potentialAction\":[{\"@type\":\"ReadAction\",\"target\":[\"https:\/\/www.ladael.com\/ravinala-jewelry\/\"]}]},{\"@type\":\"BreadcrumbList\",\"@id\":\"https:\/\/www.ladael.com\/ravinala-jewelry\/#breadcrumb\",\"itemListElement\":[{\"@type\":\"ListItem\",\"position\":1,\"name\":\"Accueil\",\"item\":\"https:\/\/www.ladael.com\/ravinala-jewelry\/\"},{\"@type\":\"ListItem\",\"position\":2,\"name\":\"Accueil\"}]}]}<\/script>\n<!-- \/ Yoast SEO plugin. -->","yoast_head_json":{"title":"Accueil - Ravinala Jewelry","description":"Artisanat d'art & Joaillerie - Ravinala Jewelry vous propose des bijoux r\u00e9alis\u00e9s \u00e0 la main \u00e0 Paris, Savoir-Faire Fran\u00e7ais. Venez d\u00e9couvrir et essayer ses collections directement dans son atelier partag\u00e9 \u00e0 Paris. Partagez vos envies et d\u00e9sirs pour d\u00e9finir un projet de cr\u00e9ation sur-mesure. Livraison Offerte en France.","robots":{"index":"index","follow":"follow","max-snippet":"max-snippet:-1","max-image-preview":"max-image-preview:large","max-video-preview":"max-video-preview:-1"},"canonical":"https:\/\/www.ladael.com\/ravinala-jewelry\/","og_locale":"fr_FR","og_type":"article","og_title":"Accueil - Ravinala Jewelry","og_description":"Artisanat d'art & Joaillerie - Ravinala Jewelry vous propose des bijoux r\u00e9alis\u00e9s \u00e0 la main \u00e0 Paris, Savoir-Faire Fran\u00e7ais. Venez d\u00e9couvrir et essayer ses collections directement dans son atelier partag\u00e9 \u00e0 Paris. Partagez vos envies et d\u00e9sirs pour d\u00e9finir un projet de cr\u00e9ation sur-mesure. Livraison Offerte en France.","og_url":"https:\/\/www.ladael.com\/ravinala-jewelry\/","og_site_name":"Ravinala Jewelry","article_modified_time":"2022-01-16T13:15:27+00:00","og_image":[{"width":1500,"height":1500,"url":"https:\/\/www.ladael.com\/ravinala-jewelry\/wp-content\/uploads\/sites\/14\/2020\/11\/1-copie.png","type":"image\/png"}],"twitter_card":"summary_large_image","twitter_misc":{"Dur\u00e9e de lecture est.":"2 minutes"},"schema":{"@context":"https:\/\/schema.org","@graph":[{"@type":"WebSite","@id":"https:\/\/www.ladael.com\/ravinala-jewelry\/#website","url":"https:\/\/www.ladael.com\/ravinala-jewelry\/","name":"Ravinala Jewelry","description":"","potentialAction":[{"@type":"SearchAction","target":{"@type":"EntryPoint","urlTemplate":"https:\/\/www.ladael.com\/ravinala-jewelry\/?s={search_term_string}"},"query-input":"required name=search_term_string"}],"inLanguage":"fr-FR"},{"@type":"ImageObject","@id":"https:\/\/www.ladael.com\/ravinala-jewelry\/#primaryimage","inLanguage":"fr-FR","url":"https:\/\/www.ladael.com\/ravinala-jewelry\/wp-content\/uploads\/sites\/14\/2020\/11\/1-copie.png","contentUrl":"https:\/\/www.ladael.com\/ravinala-jewelry\/wp-content\/uploads\/sites\/14\/2020\/11\/1-copie.png","width":1500,"height":1500},{"@type":"WebPage","@id":"https:\/\/www.ladael.com\/ravinala-jewelry\/#webpage","url":"https:\/\/www.ladael.com\/ravinala-jewelry\/","name":"Accueil - Ravinala Jewelry","isPartOf":{"@id":"https:\/\/www.ladael.com\/ravinala-jewelry\/#website"},"primaryImageOfPage":{"@id":"https:\/\/www.ladael.com\/ravinala-jewelry\/#primaryimage"},"datePublished":"2020-09-22T13:45:54+00:00","dateModified":"2022-01-16T13:15:27+00:00","description":"Artisanat d'art & Joaillerie - Ravinala Jewelry vous propose des bijoux r\u00e9alis\u00e9s \u00e0 la main \u00e0 Paris, Savoir-Faire Fran\u00e7ais. Venez d\u00e9couvrir et essayer ses collections directement dans son atelier partag\u00e9 \u00e0 Paris. Partagez vos envies et d\u00e9sirs pour d\u00e9finir un projet de cr\u00e9ation sur-mesure. Livraison Offerte en France.","breadcrumb":{"@id":"https:\/\/www.ladael.com\/ravinala-jewelry\/#breadcrumb"},"inLanguage":"fr-FR","potentialAction":[{"@type":"ReadAction","target":["https:\/\/www.ladael.com\/ravinala-jewelry\/"]}]},{"@type":"BreadcrumbList","@id":"https:\/\/www.ladael.com\/ravinala-jewelry\/#breadcrumb","itemListElement":[{"@type":"ListItem","position":1,"name":"Accueil","item":"https:\/\/www.ladael.com\/ravinala-jewelry\/"},{"@type":"ListItem","position":2,"name":"Accueil"}]}]}},"_links":{"self":[{"href":"https:\/\/www.ladael.com\/ravinala-jewelry\/wp-json\/wp\/v2\/pages\/66"}],"collection":[{"href":"https:\/\/www.ladael.com\/ravinala-jewelry\/wp-json\/wp\/v2\/pages"}],"about":[{"href":"https:\/\/www.ladael.com\/ravinala-jewelry\/wp-json\/wp\/v2\/types\/page"}],"author":[{"embeddable":true,"href":"https:\/\/www.ladael.com\/ravinala-jewelry\/wp-json\/wp\/v2\/users\/1"}],"replies":[{"embeddable":true,"href":"https:\/\/www.ladael.com\/ravinala-jewelry\/wp-json\/wp\/v2\/comments?post=66"}],"version-history":[{"count":75,"href":"https:\/\/www.ladael.com\/ravinala-jewelry\/wp-json\/wp\/v2\/pages\/66\/revisions"}],"predecessor-version":[{"id":879,"href":"https:\/\/www.ladael.com\/ravinala-jewelry\/wp-json\/wp\/v2\/pages\/66\/revisions\/879"}],"wp:featuredmedia":[{"embeddable":true,"href":"https:\/\/www.ladael.com\/ravinala-jewelry\/wp-json\/wp\/v2\/media\/250"}],"wp:attachment":[{"href":"https:\/\/www.ladael.com\/ravinala-jewelry\/wp-json\/wp\/v2\/media?parent=66"}],"curies":[{"name":"wp","href":"https:\/\/api.w.org\/{rel}","templated":true}]}}