{"id":304,"date":"2020-11-12T22:04:06","date_gmt":"2020-11-12T21:04:06","guid":{"rendered":"https:\/\/www.ladael.com\/ravinala-jewelry\/?post_type=product&#038;p=304"},"modified":"2021-11-21T14:27:16","modified_gmt":"2021-11-21T13:27:16","slug":"collier-turquoise-naturelle-et-plaque-or-unisexe-motif-scarabee-egypte-antique","status":"publish","type":"product","link":"https:\/\/www.ladael.com\/ravinala-jewelry\/produit\/collier-turquoise-naturelle-et-plaque-or-unisexe-motif-scarabee-egypte-antique\/","title":{"rendered":"Talisman Scarab\u00e9e"},"content":{"rendered":"<p>Collier rotatif en Turquoise naturelle, unisexe, motif scarab\u00e9e inspiration Egypte Pharaonique<br \/>\nAu Recto- Pierre taill\u00e9e en turquoise naturelle et mont\u00e9e en serti clos. plateau effet mat<br \/>\nAu Verso- Scarab\u00e9e r\u00e9alis\u00e9 en reper\u00e7\u00e9, les ailes sont grav\u00e9es, les motifs sont r\u00e9alis\u00e9s en ciselure.<\/p>\n<p>Sa symbolique : D&#8217;inspiration de l&#8217;Egypte antique rappelant le scarab\u00e9e ail\u00e9 &#8220;Kh\u00e9per&#8221;. Il incarne le dieu solaire qui rena\u00eet tous les matins \u00e0 l&#8217;aube, symbole de renaissance pour les morts et embl\u00e8me protecteur pour les vivants.<\/p>\n<p>**Livraison** :<br \/>\nLivr\u00e9 dans son \u00e9l\u00e9gant pochon en lin beige et une pochette cartonn\u00e9.<\/p>\n<p>**Mat\u00e9riaux utilis\u00e9s**<br \/>\ngemmes naturelles: Turquoise naturelle<br \/>\nLaiton plaqu\u00e9 or &#8211; 3 microns<\/p>\n<p>** D\u00e9tails techniques** :<br \/>\nLongueur de la cha\u00eene 42 cm<br \/>\nIl peut se porter dans les deux sens<\/p>\n","protected":false},"excerpt":{"rendered":"<p>Collier\u00a0 rotatif en Turquoise naturelle, unisexe, motif scarab\u00e9e inspiration Egypte Pharaonique<br \/>\nAu Recto- Pierre taill\u00e9e en turquoise naturelle et mont\u00e9e en serti clos. plateau effet mat<br \/>\nAu Verso- Scarab\u00e9e r\u00e9alis\u00e9 en reper\u00e7\u00e9, les ailes sont grav\u00e9es, les motifs sont r\u00e9alis\u00e9s en ciselure.<\/p>\n","protected":false},"featured_media":306,"comment_status":"open","ping_status":"closed","template":"","meta":{"kt_blocks_editor_width":"","_coblocks_attr":"","_coblocks_dimensions":"","_coblocks_responsive_height":"","_coblocks_accordion_ie_support":"","spay_email":""},"product_cat":[190],"product_tag":[],"acf":[],"yoast_head":"<!-- This site is optimized with the Yoast SEO plugin v17.5 - https:\/\/yoast.com\/wordpress\/plugins\/seo\/ -->\n<title>Talisman Scarab\u00e9e - Ravinala Jewelry<\/title>\n<meta name=\"description\" content=\"Collier rotatif en plaqu\u00e9 or et Turquoise naturelle motif scarab\u00e9e d&#039;inspiration Egypte Pharaonique repr\u00e9sente l&#039;\u00e9ternit\u00e9\" \/>\n<meta name=\"robots\" content=\"index, follow, max-snippet:-1, max-image-preview:large, max-video-preview:-1\" \/>\n<link rel=\"canonical\" href=\"https:\/\/www.ladael.com\/ravinala-jewelry\/produit\/collier-turquoise-naturelle-et-plaque-or-unisexe-motif-scarabee-egypte-antique\/\" \/>\n<meta property=\"og:locale\" content=\"fr_FR\" \/>\n<meta property=\"og:type\" content=\"article\" \/>\n<meta property=\"og:title\" content=\"Talisman Scarab\u00e9e - Ravinala Jewelry\" \/>\n<meta property=\"og:description\" content=\"Collier rotatif en plaqu\u00e9 or et Turquoise naturelle motif scarab\u00e9e d&#039;inspiration Egypte Pharaonique repr\u00e9sente l&#039;\u00e9ternit\u00e9\" \/>\n<meta property=\"og:url\" content=\"https:\/\/www.ladael.com\/ravinala-jewelry\/produit\/collier-turquoise-naturelle-et-plaque-or-unisexe-motif-scarabee-egypte-antique\/\" \/>\n<meta property=\"og:site_name\" content=\"Ravinala Jewelry\" \/>\n<meta property=\"article:modified_time\" content=\"2021-11-21T13:27:16+00:00\" \/>\n<meta property=\"og:image\" content=\"https:\/\/www.ladael.com\/ravinala-jewelry\/wp-content\/uploads\/sites\/14\/2020\/11\/IMG_5073-rotated.jpg\" \/>\n\t<meta property=\"og:image:width\" content=\"1512\" \/>\n\t<meta property=\"og:image:height\" content=\"2016\" \/>\n<meta name=\"twitter:card\" content=\"summary_large_image\" \/>\n<meta name=\"twitter:label1\" content=\"Dur\u00e9e de lecture est.\" \/>\n\t<meta name=\"twitter:data1\" content=\"1 minute\" \/>\n<script type=\"application\/ld+json\" class=\"yoast-schema-graph\">{\"@context\":\"https:\/\/schema.org\",\"@graph\":[{\"@type\":\"WebSite\",\"@id\":\"https:\/\/www.ladael.com\/ravinala-jewelry\/#website\",\"url\":\"https:\/\/www.ladael.com\/ravinala-jewelry\/\",\"name\":\"Ravinala Jewelry\",\"description\":\"\",\"potentialAction\":[{\"@type\":\"SearchAction\",\"target\":{\"@type\":\"EntryPoint\",\"urlTemplate\":\"https:\/\/www.ladael.com\/ravinala-jewelry\/?s={search_term_string}\"},\"query-input\":\"required name=search_term_string\"}],\"inLanguage\":\"fr-FR\"},{\"@type\":\"ImageObject\",\"@id\":\"https:\/\/www.ladael.com\/ravinala-jewelry\/produit\/collier-turquoise-naturelle-et-plaque-or-unisexe-motif-scarabee-egypte-antique\/#primaryimage\",\"inLanguage\":\"fr-FR\",\"url\":\"https:\/\/www.ladael.com\/ravinala-jewelry\/wp-content\/uploads\/sites\/14\/2020\/11\/IMG_5073-rotated.jpg\",\"contentUrl\":\"https:\/\/www.ladael.com\/ravinala-jewelry\/wp-content\/uploads\/sites\/14\/2020\/11\/IMG_5073-rotated.jpg\",\"width\":1512,\"height\":2016},{\"@type\":\"WebPage\",\"@id\":\"https:\/\/www.ladael.com\/ravinala-jewelry\/produit\/collier-turquoise-naturelle-et-plaque-or-unisexe-motif-scarabee-egypte-antique\/#webpage\",\"url\":\"https:\/\/www.ladael.com\/ravinala-jewelry\/produit\/collier-turquoise-naturelle-et-plaque-or-unisexe-motif-scarabee-egypte-antique\/\",\"name\":\"Talisman Scarab\\u00e9e - Ravinala Jewelry\",\"isPartOf\":{\"@id\":\"https:\/\/www.ladael.com\/ravinala-jewelry\/#website\"},\"primaryImageOfPage\":{\"@id\":\"https:\/\/www.ladael.com\/ravinala-jewelry\/produit\/collier-turquoise-naturelle-et-plaque-or-unisexe-motif-scarabee-egypte-antique\/#primaryimage\"},\"datePublished\":\"2020-11-12T21:04:06+00:00\",\"dateModified\":\"2021-11-21T13:27:16+00:00\",\"description\":\"Collier rotatif en plaqu\\u00e9 or et Turquoise naturelle motif scarab\\u00e9e d'inspiration Egypte Pharaonique repr\\u00e9sente l'\\u00e9ternit\\u00e9\",\"breadcrumb\":{\"@id\":\"https:\/\/www.ladael.com\/ravinala-jewelry\/produit\/collier-turquoise-naturelle-et-plaque-or-unisexe-motif-scarabee-egypte-antique\/#breadcrumb\"},\"inLanguage\":\"fr-FR\",\"potentialAction\":[{\"@type\":\"ReadAction\",\"target\":[\"https:\/\/www.ladael.com\/ravinala-jewelry\/produit\/collier-turquoise-naturelle-et-plaque-or-unisexe-motif-scarabee-egypte-antique\/\"]}]},{\"@type\":\"BreadcrumbList\",\"@id\":\"https:\/\/www.ladael.com\/ravinala-jewelry\/produit\/collier-turquoise-naturelle-et-plaque-or-unisexe-motif-scarabee-egypte-antique\/#breadcrumb\",\"itemListElement\":[{\"@type\":\"ListItem\",\"position\":1,\"name\":\"Accueil\",\"item\":\"https:\/\/www.ladael.com\/ravinala-jewelry\/\"},{\"@type\":\"ListItem\",\"position\":2,\"name\":\"Boutique\",\"item\":\"https:\/\/www.ladael.com\/ravinala-jewelry\/boutique\/\"},{\"@type\":\"ListItem\",\"position\":3,\"name\":\"Talisman Scarab\\u00e9e\"}]}]}<\/script>\n<!-- \/ Yoast SEO plugin. -->","yoast_head_json":{"title":"Talisman Scarab\u00e9e - Ravinala Jewelry","description":"Collier rotatif en plaqu\u00e9 or et Turquoise naturelle motif scarab\u00e9e d'inspiration Egypte Pharaonique repr\u00e9sente l'\u00e9ternit\u00e9","robots":{"index":"index","follow":"follow","max-snippet":"max-snippet:-1","max-image-preview":"max-image-preview:large","max-video-preview":"max-video-preview:-1"},"canonical":"https:\/\/www.ladael.com\/ravinala-jewelry\/produit\/collier-turquoise-naturelle-et-plaque-or-unisexe-motif-scarabee-egypte-antique\/","og_locale":"fr_FR","og_type":"article","og_title":"Talisman Scarab\u00e9e - Ravinala Jewelry","og_description":"Collier rotatif en plaqu\u00e9 or et Turquoise naturelle motif scarab\u00e9e d'inspiration Egypte Pharaonique repr\u00e9sente l'\u00e9ternit\u00e9","og_url":"https:\/\/www.ladael.com\/ravinala-jewelry\/produit\/collier-turquoise-naturelle-et-plaque-or-unisexe-motif-scarabee-egypte-antique\/","og_site_name":"Ravinala Jewelry","article_modified_time":"2021-11-21T13:27:16+00:00","og_image":[{"width":1512,"height":2016,"url":"https:\/\/www.ladael.com\/ravinala-jewelry\/wp-content\/uploads\/sites\/14\/2020\/11\/IMG_5073-rotated.jpg","type":"image\/jpeg"}],"twitter_card":"summary_large_image","twitter_misc":{"Dur\u00e9e de lecture est.":"1 minute"},"schema":{"@context":"https:\/\/schema.org","@graph":[{"@type":"WebSite","@id":"https:\/\/www.ladael.com\/ravinala-jewelry\/#website","url":"https:\/\/www.ladael.com\/ravinala-jewelry\/","name":"Ravinala Jewelry","description":"","potentialAction":[{"@type":"SearchAction","target":{"@type":"EntryPoint","urlTemplate":"https:\/\/www.ladael.com\/ravinala-jewelry\/?s={search_term_string}"},"query-input":"required name=search_term_string"}],"inLanguage":"fr-FR"},{"@type":"ImageObject","@id":"https:\/\/www.ladael.com\/ravinala-jewelry\/produit\/collier-turquoise-naturelle-et-plaque-or-unisexe-motif-scarabee-egypte-antique\/#primaryimage","inLanguage":"fr-FR","url":"https:\/\/www.ladael.com\/ravinala-jewelry\/wp-content\/uploads\/sites\/14\/2020\/11\/IMG_5073-rotated.jpg","contentUrl":"https:\/\/www.ladael.com\/ravinala-jewelry\/wp-content\/uploads\/sites\/14\/2020\/11\/IMG_5073-rotated.jpg","width":1512,"height":2016},{"@type":"WebPage","@id":"https:\/\/www.ladael.com\/ravinala-jewelry\/produit\/collier-turquoise-naturelle-et-plaque-or-unisexe-motif-scarabee-egypte-antique\/#webpage","url":"https:\/\/www.ladael.com\/ravinala-jewelry\/produit\/collier-turquoise-naturelle-et-plaque-or-unisexe-motif-scarabee-egypte-antique\/","name":"Talisman Scarab\u00e9e - Ravinala Jewelry","isPartOf":{"@id":"https:\/\/www.ladael.com\/ravinala-jewelry\/#website"},"primaryImageOfPage":{"@id":"https:\/\/www.ladael.com\/ravinala-jewelry\/produit\/collier-turquoise-naturelle-et-plaque-or-unisexe-motif-scarabee-egypte-antique\/#primaryimage"},"datePublished":"2020-11-12T21:04:06+00:00","dateModified":"2021-11-21T13:27:16+00:00","description":"Collier rotatif en plaqu\u00e9 or et Turquoise naturelle motif scarab\u00e9e d'inspiration Egypte Pharaonique repr\u00e9sente l'\u00e9ternit\u00e9","breadcrumb":{"@id":"https:\/\/www.ladael.com\/ravinala-jewelry\/produit\/collier-turquoise-naturelle-et-plaque-or-unisexe-motif-scarabee-egypte-antique\/#breadcrumb"},"inLanguage":"fr-FR","potentialAction":[{"@type":"ReadAction","target":["https:\/\/www.ladael.com\/ravinala-jewelry\/produit\/collier-turquoise-naturelle-et-plaque-or-unisexe-motif-scarabee-egypte-antique\/"]}]},{"@type":"BreadcrumbList","@id":"https:\/\/www.ladael.com\/ravinala-jewelry\/produit\/collier-turquoise-naturelle-et-plaque-or-unisexe-motif-scarabee-egypte-antique\/#breadcrumb","itemListElement":[{"@type":"ListItem","position":1,"name":"Accueil","item":"https:\/\/www.ladael.com\/ravinala-jewelry\/"},{"@type":"ListItem","position":2,"name":"Boutique","item":"https:\/\/www.ladael.com\/ravinala-jewelry\/boutique\/"},{"@type":"ListItem","position":3,"name":"Talisman Scarab\u00e9e"}]}]}},"_links":{"self":[{"href":"https:\/\/www.ladael.com\/ravinala-jewelry\/wp-json\/wp\/v2\/product\/304"}],"collection":[{"href":"https:\/\/www.ladael.com\/ravinala-jewelry\/wp-json\/wp\/v2\/product"}],"about":[{"href":"https:\/\/www.ladael.com\/ravinala-jewelry\/wp-json\/wp\/v2\/types\/product"}],"replies":[{"embeddable":true,"href":"https:\/\/www.ladael.com\/ravinala-jewelry\/wp-json\/wp\/v2\/comments?post=304"}],"wp:featuredmedia":[{"embeddable":true,"href":"https:\/\/www.ladael.com\/ravinala-jewelry\/wp-json\/wp\/v2\/media\/306"}],"wp:attachment":[{"href":"https:\/\/www.ladael.com\/ravinala-jewelry\/wp-json\/wp\/v2\/media?parent=304"}],"wp:term":[{"taxonomy":"product_cat","embeddable":true,"href":"https:\/\/www.ladael.com\/ravinala-jewelry\/wp-json\/wp\/v2\/product_cat?post=304"},{"taxonomy":"product_tag","embeddable":true,"href":"https:\/\/www.ladael.com\/ravinala-jewelry\/wp-json\/wp\/v2\/product_tag?post=304"}],"curies":[{"name":"wp","href":"https:\/\/api.w.org\/{rel}","templated":true}]}}